{"id":1282,"date":"2023-06-27T16:00:34","date_gmt":"2023-06-27T19:00:34","guid":{"rendered":"https:\/\/caiotozzi.com\/web\/?page_id=1282"},"modified":"2023-09-19T16:10:33","modified_gmt":"2023-09-19T19:10:33","slug":"viva-o-palco","status":"publish","type":"page","link":"https:\/\/caiotozzi.com\/web\/viva-o-palco\/","title":{"rendered":"Viva o Palco!"},"content":{"rendered":"<p>[et_pb_section fb_built=&#8221;1&#8243; _builder_version=&#8221;3.9&#8243; custom_margin=&#8221;|||&#8221; custom_padding=&#8221;54px||64px|&#8221;][et_pb_row custom_padding=&#8221;0px||0px||true&#8221; custom_margin=&#8221;||50px|&#8221; make_equal=&#8221;on&#8221; module_class_1=&#8221;VivaOPalcoC1&#8243; module_class_2=&#8221;VivaOPalcoC2&#8243; module_class_3=&#8221;VivaOPalcoC3&#8243; custom_css_main_1=&#8221;width: 29.666% !important;||margin: 0 5.5% 0% 0 !Important;||display: flex;||flex-wrap: wrap;||align-content: space-between;&#8221; custom_css_main_2=&#8221;width: 64.833% !important;||margin: 0 !Important;||display: flex;||flex-wrap: wrap !important;&#8221; custom_css_main_3=&#8221;width: 100% !important;||display: flex;||flex-wrap: wrap !important;&#8221; disabled_on=&#8221;off|off|off&#8221; module_class=&#8221;VivaOPalco&#8221; _builder_version=&#8221;3.9&#8243; custom_margin_tablet=&#8221;||25px|&#8221; custom_margin_last_edited=&#8221;on|tablet&#8221;][et_pb_column type=&#8221;1_2&#8243; _builder_version=&#8221;3.9&#8243; parallax=&#8221;off&#8221; parallax_method=&#8221;on&#8221; module_class=&#8221;VivaOPalcoC1&#8243; custom_css_main=&#8221;width: 29.666% !important;||margin: 0 5.5% 0% 0 !Important;||display: flex;||flex-wrap: wrap;||align-content: space-between;&#8221;][et_pb_image src=&#8221;http:\/\/caiotozzi.com\/web\/wp-content\/uploads\/2023\/06\/VivaOPalco-min.jpg&#8221; module_id=&#8221;VivaCapa&#8221; _builder_version=&#8221;3.9&#8243; max_width_tablet=&#8221;60%&#8221; max_width_phone=&#8221;100%&#8221; max_width_last_edited=&#8221;on|tablet&#8221; module_alignment=&#8221;left&#8221; custom_margin_tablet=&#8221;|40%||&#8221; custom_margin_phone=&#8221;|0%||&#8221; custom_margin_last_edited=&#8221;on|tablet&#8221;][\/et_pb_image][et_pb_image src=&#8221;http:\/\/caiotozzi.com\/web\/wp-content\/uploads\/2023\/06\/Proac.png&#8221; module_id=&#8221;Logo1&#8243; _builder_version=&#8221;3.9&#8243; max_width=&#8221;49%&#8221; max_width_tablet=&#8221;29%&#8221; max_width_phone=&#8221;49%&#8221; max_width_last_edited=&#8221;on|tablet&#8221; module_alignment=&#8221;left&#8221; custom_margin=&#8221;|2%||0px&#8221; custom_margin_tablet=&#8221;|5%||&#8221; custom_margin_last_edited=&#8221;off|desktop&#8221;][\/et_pb_image][et_pb_image src=&#8221;http:\/\/caiotozzi.com\/web\/wp-content\/uploads\/2023\/06\/GovernoDoEstadoDeSaoPaulo.png&#8221; _builder_version=&#8221;3.9&#8243; max_width=&#8221;49%&#8221; max_width_tablet=&#8221;29%&#8221; max_width_phone=&#8221;49%&#8221; max_width_last_edited=&#8221;on|tablet&#8221; module_alignment=&#8221;left&#8221; custom_margin=&#8221;|||&#8221; custom_margin_tablet=&#8221;|25%||0px&#8221; custom_margin_last_edited=&#8221;off|desktop&#8221; custom_padding=&#8221;|||&#8221;][\/et_pb_image][\/et_pb_column][et_pb_column type=&#8221;1_2&#8243; _builder_version=&#8221;3.9&#8243; parallax=&#8221;off&#8221; parallax_method=&#8221;on&#8221; module_class=&#8221;VivaOPalcoC2&#8243; custom_css_main=&#8221;width: 64.833% !important;||margin: 0 !Important;||display: flex;||flex-wrap: wrap !important;&#8221;][et_pb_text _builder_version=&#8221;3.9&#8243; text_font=&#8221;||||||||&#8221; header_font=&#8221;Medula One|700||on|||||&#8221; header_text_align=&#8221;left&#8221; header_text_color=&#8221;#000000&#8243; header_font_size=&#8221;47px&#8221; header_font_size_tablet=&#8221;54px&#8221; header_font_size_phone=&#8221;40px&#8221; header_font_size_last_edited=&#8221;on|phone&#8221; max_width=&#8221;600px&#8221; max_width_last_edited=&#8221;on|tablet&#8221; module_alignment=&#8221;left&#8221; custom_margin=&#8221;||5px|&#8221;]<\/p>\n<h1><strong>QUE AS CORTINAS SE ABRAM PARA OS JOVENS!<\/strong><\/h1>\n<p>[\/et_pb_text][et_pb_image src=&#8221;http:\/\/caiotozzi.com\/web\/wp-content\/uploads\/2023\/06\/Icon.png&#8221; _builder_version=&#8221;3.9&#8243; max_width=&#8221;600px&#8221; max_width_last_edited=&#8221;on|tablet&#8221; module_alignment=&#8221;left&#8221; custom_margin_tablet=&#8221;||25px|&#8221; custom_margin_last_edited=&#8221;on|phone&#8221;][\/et_pb_image][et_pb_text _builder_version=&#8221;3.9&#8243; text_font=&#8221;Verdana||||||||&#8221; text_text_color=&#8221;#000000&#8243; text_font_size_tablet=&#8221;15px&#8221; text_font_size_last_edited=&#8221;on|tablet&#8221; max_width_tablet=&#8221;100%&#8221; max_width_last_edited=&#8221;on|phone&#8221; custom_margin=&#8221;|100px|10px|&#8221; custom_margin_tablet=&#8221;|0px||&#8221; custom_margin_phone=&#8221;|0px||&#8221; custom_margin_last_edited=&#8221;on|phone&#8221;]<\/p>\n<p>Projeto contemplado pelo Edital de Realiza\u00e7\u00e3o e Publica\u00e7\u00e3o de Obra Teatral In\u00e9dita 2022 do ProAC.<\/p>\n<p>[\/et_pb_text][et_pb_text _builder_version=&#8221;3.9&#8243; text_font=&#8221;Verdana||||||||&#8221; text_text_color=&#8221;#000000&#8243; link_font=&#8221;||||||||&#8221; header_font=&#8221;||||||||&#8221; header_2_font=&#8221;Medula One||||||||&#8221; header_2_font_size=&#8221;35px&#8221; header_2_font_size_phone=&#8221;25px&#8221; header_2_font_size_last_edited=&#8221;on|phone&#8221; header_3_font=&#8221;||||||||&#8221; custom_margin=&#8221;||0px|&#8221;]<\/p>\n<h2><strong>Ficha t\u00e9cnica<br \/>\n<\/strong><\/h2>\n<p><a style=\"color: #ec008c !important; font-weight: 600;\">Cria\u00e7\u00e3o do projeto:<\/a> Caio Tozzi<br \/>\n<a style=\"color: #24abe2 !important; font-weight: 600;\">Dramaturgia e textos liter\u00e1rios:<\/a> Caio Tozzi<br \/>\n<a style=\"color: black; font-weight: 600;\">Edi\u00e7\u00e3o:<\/a> Hel\u00f4 Beraldo<br \/>\n<a style=\"color: #ec008c !important; font-weight: 600;\">Prepara\u00e7\u00e3o:<\/a> Hel\u00f4 Beraldo<br \/>\n<a style=\"color: #24abe2 !important; font-weight: 600;\">Revis\u00e3o:<\/a> Carina de Luca<br \/>\n<a style=\"color: black; font-weight: 600;\">Projeto Gr\u00e1fico:<\/a> Lili Chiofolo<br \/>\n<a style=\"color: #ec008c !important; font-weight: 600;\">Diagrama\u00e7\u00e3o:<\/a> Lili Chiofolo<br \/>\n<a style=\"color: #24abe2 !important; font-weight: 600;\">Site:<\/a> Ag\u00eancia Twist<\/p>\n<p>[\/et_pb_text][et_pb_text _builder_version=&#8221;3.9&#8243; text_font=&#8221;Verdana||||||||&#8221; text_text_color=&#8221;#000000&#8243; custom_margin=&#8221;||25px|&#8221;][\/et_pb_text][\/et_pb_column][\/et_pb_row][et_pb_row custom_padding=&#8221;0px||0px||true&#8221; custom_margin=&#8221;||25px|&#8221; padding_bottom_1=&#8221;0px&#8221; padding_bottom_2=&#8221;0px&#8221; _builder_version=&#8221;3.9&#8243;][et_pb_column type=&#8221;4_4&#8243; _builder_version=&#8221;3.9&#8243; padding_bottom=&#8221;0px&#8221; parallax=&#8221;off&#8221; parallax_method=&#8221;on&#8221;][et_pb_text _builder_version=&#8221;3.9&#8243; text_font=&#8221;Verdana||||||||&#8221; text_text_color=&#8221;#000000&#8243; link_font=&#8221;Medula One||||||||&#8221; link_text_color=&#8221;#000000&#8243; link_font_size=&#8221;25px&#8221; header_font=&#8221;||||||||&#8221; header_2_font=&#8221;Medula One||||||||&#8221; header_2_font_size=&#8221;50px&#8221; custom_margin=&#8221;||25px|&#8221;]Criado e escrito por <a>Caio Tozzi<\/a>, autor de livros juvenis como \u201cSuper-Ulisses\u201d, \u201cSala 1208\u201d e \u201cO Livro do Cuca\u201d, \u201cViva o palco! &#8211; Hist\u00f3rias juvenis para ler e encenar\u201d apresenta duas dramaturgias in\u00e9ditas que levam para o palco as emo\u00e7\u00f5es e desafios da juventude. O material est\u00e1 presente na vers\u00e3o f\u00edsica, que <strong style=\"color: #ec008c !important;\">ser\u00e1 distribu\u00edda gratuitamente<\/strong>, e na vers\u00e3o virtual,<strong style=\"color: #26abe2 !important;\"> que pode ser baixada aqui nessa p\u00e1gina<\/strong>.<\/p>\n<p><strong style=\"color: #ec008c !important;\">\u201cRubi em cena\u201d<\/strong> e <strong style=\"color: #26abe2 !important;\">&#8220;O Mural\u201d<\/strong> s\u00e3o hist\u00f3rias que colocam os adolescentes como protagonistas junto de seus dramas, medos, rela\u00e7\u00f5es e diversas quest\u00f5es dessa fase da vida como o desejo de encontrar um lugar no mundo.<\/p>\n<p><strong>Com os direitos liberados para montagens amadoras e escolares<\/strong>, os jovens ganham a oportunidade de, com o livro em m\u00e3os, mergulhar na experi\u00eancia do teatro e vivenciarem o processo de produ\u00e7\u00e3o de uma pe\u00e7a dentro ou fora da sala de aula.<\/p>\n<p>Al\u00e9m disso, o projeto ainda traz as vers\u00f5es das hist\u00f3rias no formato liter\u00e1rio, o que permite ampliar as possibilidades criativas do processo, e tamb\u00e9m um roteiro de conversas com uma s\u00e9rie de reflex\u00f5es e est\u00edmulos para debates sobre os temas presentes nas narrativas. Esses materiais podem ser acessados abaixo.<\/p>\n<p><a>\u201cViva o palco! &#8211; Hist\u00f3rias juvenis para ler e encenar\u201d<\/a> tem o objetivo de incentivar os jovens a ganharem o protagonismo n\u00e3o apenas nos palcos, mas tamb\u00e9m nos c\u00edrculos sociais em que vivem &#8211; seja na escola, no bairro, na fam\u00edlia -, podendo falar sobre o que sentem, o que pensam e o que vivem. E que todos n\u00f3s possamos, dessa maneira, n\u00e3o apenas ouvir e dialogar com eles, mas tamb\u00e9m aplaudi-los de p\u00e9.[\/et_pb_text][et_pb_text _builder_version=&#8221;3.9&#8243; header_font=&#8221;||||||||&#8221; header_2_font=&#8221;Medula One||||||||&#8221; header_2_font_size=&#8221;50px&#8221; custom_margin=&#8221;||0px|&#8221;]<\/p>\n<h2>N\u00e3o deixe de conhecer!<\/h2>\n<p>[\/et_pb_text][et_pb_slider show_pagination=&#8221;off&#8221; disabled_on=&#8221;on|on|on&#8221; module_class=&#8221;Slide&#8221; _builder_version=&#8221;3.9&#8243; custom_margin=&#8221;0px||0px|&#8221; custom_padding=&#8221;||||false|false&#8221; auto=&#8221;on&#8221; auto_speed=&#8221;5000&#8243; custom_css_slide_image=&#8221;top: 0px;||margin-top: 0 !important;||width: 100% !important;||margin-right: 0px !important;||margin-bottom: 0px !important;||margin-left: 0px !important;||padding: 0 !important;||display: flex !important;||align-items: center;||justify-content: flex-start !important;||&#8221;][et_pb_slide image=&#8221;http:\/\/caiotozzi.com\/web\/wp-content\/uploads\/2023\/06\/CapaDoLivro.jpg&#8221; _builder_version=&#8221;3.9&#8243; background_color=&#8221;#ffffff&#8221;][\/et_pb_slide][et_pb_slide image=&#8221;http:\/\/caiotozzi.com\/web\/wp-content\/uploads\/2023\/06\/Sumario.jpg&#8221; _builder_version=&#8221;3.9&#8243; background_color=&#8221;#ffffff&#8221;][\/et_pb_slide][et_pb_slide image=&#8221;http:\/\/caiotozzi.com\/web\/wp-content\/uploads\/2023\/06\/AB_RUBI_ok.jpg&#8221; _builder_version=&#8221;3.9&#8243; background_color=&#8221;#ffffff&#8221;][\/et_pb_slide][et_pb_slide image=&#8221;http:\/\/caiotozzi.com\/web\/wp-content\/uploads\/2023\/06\/AB_MURAL_ok.jpg&#8221; _builder_version=&#8221;3.9&#8243; background_color=&#8221;#ffffff&#8221;][\/et_pb_slide][\/et_pb_slider][\/et_pb_column][\/et_pb_row][et_pb_row custom_padding=&#8221;0px||0px|&#8221; module_class=&#8221;CliqueAqui&#8221; _builder_version=&#8221;3.9&#8243;][et_pb_column type=&#8221;1_3&#8243; _builder_version=&#8221;3.9&#8243; parallax=&#8221;off&#8221; parallax_method=&#8221;on&#8221;][et_pb_text _builder_version=&#8221;3.9&#8243; text_font=&#8221;||||||||&#8221; text_line_height=&#8221;1.3em&#8221; link_font=&#8221;Medula One||||||||&#8221; link_text_color=&#8221;#ec008c&#8221; link_font_size=&#8221;25px&#8221; header_font=&#8221;||||||||&#8221; header_text_align=&#8221;left&#8221; header_4_font=&#8221;||||||||&#8221; header_4_text_align=&#8221;left&#8221; header_4_line_height=&#8221;1.3em&#8221; text_orientation=&#8221;center&#8221; custom_margin=&#8221;0px||0px|&#8221; custom_padding=&#8221;0px||0px|&#8221;]<\/p>\n<h4><img loading=\"lazy\" decoding=\"async\" class=\"alignnone wp-image-783\" src=\"http:\/\/caiotozzi.com\/web\/wp-content\/uploads\/2018\/11\/estrela-preta-caio-tozzi.png\" alt=\"\" width=\"15\" height=\"15\" srcset=\"https:\/\/caiotozzi.com\/web\/wp-content\/uploads\/2018\/11\/estrela-preta-caio-tozzi.png 282w, https:\/\/caiotozzi.com\/web\/wp-content\/uploads\/2018\/11\/estrela-preta-caio-tozzi-150x150.png 150w\" sizes=\"(max-width: 15px) 100vw, 15px\" \/>\u00a0 \u00a0<a href=\"http:\/\/caiotozzi.com\/web\/wp-content\/uploads\/2023\/09\/Viva-o-Palco_dramaturgia_site.pdf\" target=\"_blank\" rel=\"noopener noreferrer\"><u>Clique aqui<\/u><\/a> <strong>e acesse o arquivo do livro com as dramaturgias.<\/strong><\/h4>\n<p>[\/et_pb_text][\/et_pb_column][et_pb_column type=&#8221;1_3&#8243; _builder_version=&#8221;3.9&#8243; parallax=&#8221;off&#8221; parallax_method=&#8221;on&#8221;][et_pb_text _builder_version=&#8221;3.9&#8243; text_font=&#8221;||||||||&#8221; link_font=&#8221;Medula One||||||||&#8221; link_text_color=&#8221;#28abe3&#8243; link_font_size=&#8221;25px&#8221; header_font=&#8221;||||||||&#8221; header_text_align=&#8221;left&#8221; header_4_font=&#8221;||||||||&#8221; header_4_text_align=&#8221;left&#8221; header_4_line_height=&#8221;1.3em&#8221; text_orientation=&#8221;center&#8221; custom_margin=&#8221;0px||0px|&#8221; custom_padding=&#8221;0px||0px|&#8221;]<\/p>\n<h4><img loading=\"lazy\" decoding=\"async\" class=\"alignnone wp-image-783\" src=\"http:\/\/caiotozzi.com\/web\/wp-content\/uploads\/2018\/11\/estrela-preta-caio-tozzi.png\" alt=\"\" width=\"15\" height=\"15\" srcset=\"https:\/\/caiotozzi.com\/web\/wp-content\/uploads\/2018\/11\/estrela-preta-caio-tozzi.png 282w, https:\/\/caiotozzi.com\/web\/wp-content\/uploads\/2018\/11\/estrela-preta-caio-tozzi-150x150.png 150w\" sizes=\"(max-width: 15px) 100vw, 15px\" \/>\u00a0 \u00a0<a href=\"http:\/\/caiotozzi.com\/web\/wp-content\/uploads\/2023\/09\/Viva-o-Palco_contos-liter\u00e1rios_site.pdf\" target=\"_blank\" rel=\"noopener noreferrer\"><u>Clique aqui<\/u><\/a> <strong>e conhe\u00e7a as vers\u00f5es liter\u00e1rias das hist\u00f3rias.<\/strong><\/h4>\n<p>[\/et_pb_text][\/et_pb_column][et_pb_column type=&#8221;1_3&#8243; _builder_version=&#8221;3.9&#8243; parallax=&#8221;off&#8221; parallax_method=&#8221;on&#8221;][et_pb_text _builder_version=&#8221;3.9&#8243; text_font=&#8221;||||||||&#8221; link_font=&#8221;Medula One||||||||&#8221; link_text_color=&#8221;#13110c&#8221; link_font_size=&#8221;25px&#8221; header_font=&#8221;||||||||&#8221; header_text_align=&#8221;left&#8221; header_4_font=&#8221;||||||||&#8221; header_4_text_align=&#8221;left&#8221; header_4_line_height=&#8221;1.3em&#8221; text_orientation=&#8221;center&#8221; custom_margin=&#8221;0px||0px|&#8221; custom_padding=&#8221;0px||0px|&#8221;]<\/p>\n<h4><img loading=\"lazy\" decoding=\"async\" class=\"alignnone wp-image-783\" src=\"http:\/\/caiotozzi.com\/web\/wp-content\/uploads\/2018\/11\/estrela-preta-caio-tozzi.png\" alt=\"\" width=\"15\" height=\"15\" srcset=\"https:\/\/caiotozzi.com\/web\/wp-content\/uploads\/2018\/11\/estrela-preta-caio-tozzi.png 282w, https:\/\/caiotozzi.com\/web\/wp-content\/uploads\/2018\/11\/estrela-preta-caio-tozzi-150x150.png 150w\" sizes=\"(max-width: 15px) 100vw, 15px\" \/>\u00a0 \u00a0<a href=\"http:\/\/caiotozzi.com\/web\/wp-content\/uploads\/2023\/09\/Viva-o-Palco_Roteiro-para-conversas_site.pdf\" target=\"_blank\" rel=\"noopener noreferrer\"><u>Clique aqui<\/u><\/a><strong> e acesse o roteiro de conversa.<\/strong><\/h4>\n<p>[\/et_pb_text][\/et_pb_column][\/et_pb_row][et_pb_row custom_padding=&#8221;||0px|&#8221; custom_margin=&#8221;||0px|&#8221; _builder_version=&#8221;3.9&#8243;][et_pb_column type=&#8221;4_4&#8243; _builder_version=&#8221;3.9&#8243; parallax=&#8221;off&#8221; parallax_method=&#8221;on&#8221;][et_pb_divider divider_weight=&#8221;4px&#8221; height=&#8221;1px&#8221; _builder_version=&#8221;3.9&#8243;][\/et_pb_divider][\/et_pb_column][\/et_pb_row][\/et_pb_section]<\/p>\n","protected":false},"excerpt":{"rendered":"<p>QUE AS CORTINAS SE ABRAM PARA OS JOVENS! Projeto contemplado pelo Edital de Realiza\u00e7\u00e3o e Publica\u00e7\u00e3o de Obra Teatral In\u00e9dita 2022 do ProAC. Ficha t\u00e9cnica Cria\u00e7\u00e3o do projeto: Caio Tozzi Dramaturgia e textos liter\u00e1rios: Caio Tozzi Edi\u00e7\u00e3o: Hel\u00f4 Beraldo Prepara\u00e7\u00e3o: Hel\u00f4 Beraldo Revis\u00e3o: Carina de Luca Projeto Gr\u00e1fico: Lili Chiofolo Diagrama\u00e7\u00e3o: Lili Chiofolo Site: Ag\u00eancia [&hellip;]<\/p>\n","protected":false},"author":1,"featured_media":0,"parent":0,"menu_order":0,"comment_status":"closed","ping_status":"closed","template":"","meta":{"_et_pb_use_builder":"on","_et_pb_old_content":"","_et_gb_content_width":"","footnotes":""},"class_list":["post-1282","page","type-page","status-publish","hentry"],"_links":{"self":[{"href":"https:\/\/caiotozzi.com\/web\/wp-json\/wp\/v2\/pages\/1282","targetHints":{"allow":["GET"]}}],"collection":[{"href":"https:\/\/caiotozzi.com\/web\/wp-json\/wp\/v2\/pages"}],"about":[{"href":"https:\/\/caiotozzi.com\/web\/wp-json\/wp\/v2\/types\/page"}],"author":[{"embeddable":true,"href":"https:\/\/caiotozzi.com\/web\/wp-json\/wp\/v2\/users\/1"}],"replies":[{"embeddable":true,"href":"https:\/\/caiotozzi.com\/web\/wp-json\/wp\/v2\/comments?post=1282"}],"version-history":[{"count":129,"href":"https:\/\/caiotozzi.com\/web\/wp-json\/wp\/v2\/pages\/1282\/revisions"}],"predecessor-version":[{"id":1591,"href":"https:\/\/caiotozzi.com\/web\/wp-json\/wp\/v2\/pages\/1282\/revisions\/1591"}],"wp:attachment":[{"href":"https:\/\/caiotozzi.com\/web\/wp-json\/wp\/v2\/media?parent=1282"}],"curies":[{"name":"wp","href":"https:\/\/api.w.org\/{rel}","templated":true}]}}