{"id":1922,"date":"2026-04-13T18:21:58","date_gmt":"2026-04-13T21:21:58","guid":{"rendered":"https:\/\/caiotozzi.com\/web\/?page_id=1922"},"modified":"2026-04-16T15:23:18","modified_gmt":"2026-04-16T18:23:18","slug":"na-escola","status":"publish","type":"page","link":"https:\/\/caiotozzi.com\/web\/na-escola\/","title":{"rendered":"escolas"},"content":{"rendered":"<p>[et_pb_section fb_built=&#8221;1&#8243; _builder_version=&#8221;4.16&#8243; global_colors_info=&#8221;{}&#8221;][et_pb_row _builder_version=&#8221;4.16&#8243; background_size=&#8221;initial&#8221; background_position=&#8221;top_left&#8221; background_repeat=&#8221;repeat&#8221; custom_padding=&#8221;27px|0px|0|0px|false|false&#8221; global_colors_info=&#8221;{}&#8221;][et_pb_column type=&#8221;4_4&#8243; _builder_version=&#8221;4.16&#8243; custom_padding=&#8221;|||&#8221; global_colors_info=&#8221;{}&#8221; custom_padding__hover=&#8221;|||&#8221;][et_pb_text admin_label=&#8221;Titulo &#8211; roteiros &#8211; Desktop&#8221; _builder_version=&#8221;4.16&#8243; header_font=&#8221;Montserrat|700||on|||||&#8221; header_text_color=&#8221;#b22417&#8243; header_font_size=&#8221;40px&#8221; global_colors_info=&#8221;{}&#8221;]<\/p>\n<h1 style=\"text-align: center;\">escolas<\/h1>\n<p>[\/et_pb_text][\/et_pb_column][\/et_pb_row][\/et_pb_section][et_pb_section fb_built=&#8221;1&#8243; disabled_on=&#8221;off|off|off&#8221; _builder_version=&#8221;4.16&#8243; custom_padding=&#8221;0|0px|54px|0px|false|false&#8221; global_colors_info=&#8221;{}&#8221;][et_pb_row _builder_version=&#8221;4.27.6&#8243; background_size=&#8221;initial&#8221; background_position=&#8221;top_left&#8221; background_repeat=&#8221;repeat&#8221; custom_padding=&#8221;0|0px|27px|0px|false|false&#8221; global_colors_info=&#8221;{}&#8221;][et_pb_column type=&#8221;4_4&#8243; _builder_version=&#8221;4.16&#8243; custom_padding=&#8221;|||&#8221; global_colors_info=&#8221;{}&#8221; custom_padding__hover=&#8221;|||&#8221;][et_pb_image src=&#8221;https:\/\/caiotozzi.com\/web\/wp-content\/uploads\/2026\/04\/Foto-escola-site.png&#8221; title_text=&#8221;Foto escola site&#8221; align=&#8221;center&#8221; force_fullwidth=&#8221;on&#8221; _builder_version=&#8221;4.27.6&#8243; _module_preset=&#8221;default&#8221; global_colors_info=&#8221;{}&#8221;][\/et_pb_image][\/et_pb_column][\/et_pb_row][et_pb_row _builder_version=&#8221;4.16&#8243; background_size=&#8221;initial&#8221; background_position=&#8221;top_left&#8221; background_repeat=&#8221;repeat&#8221; custom_padding=&#8221;0|0px|27px|0px|false|false&#8221; global_colors_info=&#8221;{}&#8221;][et_pb_column type=&#8221;4_4&#8243; _builder_version=&#8221;4.16&#8243; custom_padding=&#8221;|||&#8221; global_colors_info=&#8221;{}&#8221; custom_padding__hover=&#8221;|||&#8221;][et_pb_text _builder_version=&#8221;4.27.5&#8243; text_font=&#8221;Verdana||||||||&#8221; text_text_color=&#8221;#000000&#8243; custom_css_main_element=&#8221;text-align: justify;&#8221; global_colors_info=&#8221;{}&#8221;]<\/p>\n<p style=\"font-size: 14px;\">A experi\u00eancia da leitura pode (e deve) ser ampliada para al\u00e9m das p\u00e1ginas do livro. E uma das maneiras de se fazer isso \u00e9 por meio da realiza\u00e7\u00e3o do encontro dos leitores com o autor da obra que eles leram.<span style=\"font-size: 14px;\">\u00a0\u00a0<\/span>\u00c9 acreditando nisso que Caio Tozzi tem, nos \u00faltimos anos, circulado por escolas p\u00fablicas e particulares para participar de conversas com os jovens sobre a literatura em suas vidas.<\/p>\n<p style=\"font-size: 14px;\">E a proposta \u00e9 exatamente esta: n\u00e3o \u00e9 palestra, n\u00e3o \u00e9 aula &#8211; \u00e9 di\u00e1logo. Um momento de promover a escuta e a troca entre os dois lados para que se abra uma discuss\u00e3o sem certo e errado, sem preconceitos ou julgamentos. Um momento para dar voz ao jovem poder falar sobre suas experi\u00eancias com a leitura, sejam elas quais forem.<\/p>\n<p style=\"font-size: 14px;\">Com habilidade, interesse e escuta aberta os pr\u00e9-adolescentes e adolescentes, o autor vai, dessa maneira, dividindo os bastidores de sua jornada como escritor, contando sobre a produ\u00e7\u00e3o de suas obras, processos criativos e assuntos diversos ligados \u00e0 arte, cultura e criatividade \u2013 sempre com perguntas de l\u00e1 e c\u00e1.<\/p>\n<p style=\"font-size: 14px;\">A proposta \u00e9 realizar um momento de descontra\u00e7\u00e3o, de leveza, para celebrar os livros como importantes companheiros nessa jornada do crescer. Um formato que \u00e9 realizado em escolas a partir da ado\u00e7\u00e3o dos t\u00edtulos escritos pelo autor ou tamb\u00e9m em eventos liter\u00e1rios. Ap\u00f3s o bate-papo, \u00e9 aberto o momento para a sess\u00e3o de aut\u00f3grafos.<\/p>\n<p style=\"font-size: 14px;\">\n<p style=\"font-size: 14px;\"><strong>Confira abaixo os registros de bate-papos realizados por Caio Tozzi em escolas:<\/strong><\/p>\n<p style=\"font-size: 14px;\">\n<p>[\/et_pb_text][\/et_pb_column][\/et_pb_row][et_pb_row _builder_version=&#8221;4.27.5&#8243; _module_preset=&#8221;default&#8221; global_colors_info=&#8221;{}&#8221;][et_pb_column type=&#8221;4_4&#8243; _builder_version=&#8221;4.27.5&#8243; _module_preset=&#8221;default&#8221; global_colors_info=&#8221;{}&#8221;][et_pb_gallery gallery_ids=&#8221;1821,1820,1829,1822,1827,1826,1825,1818,1824,1823,1940,1988,1989,1990,1991,1992,1993,1994,1995,1996,1997,1998,1999,2000,2001,2002,2003,2004,2005,2006,2007,2008,2009,2010&#8243; show_title_and_caption=&#8221;off&#8221; _builder_version=&#8221;4.27.6&#8243; _module_preset=&#8221;default&#8221; global_colors_info=&#8221;{}&#8221;][\/et_pb_gallery][\/et_pb_column][\/et_pb_row][et_pb_row _builder_version=&#8221;4.27.5&#8243; _module_preset=&#8221;default&#8221; global_colors_info=&#8221;{}&#8221;][et_pb_column type=&#8221;4_4&#8243; _builder_version=&#8221;4.27.5&#8243; _module_preset=&#8221;default&#8221; global_colors_info=&#8221;{}&#8221;][et_pb_divider divider_weight=&#8221;4px&#8221; _builder_version=&#8221;4.27.5&#8243; _module_preset=&#8221;default&#8221; global_colors_info=&#8221;{}&#8221;][\/et_pb_divider][\/et_pb_column][\/et_pb_row][et_pb_row _builder_version=&#8221;4.16&#8243; background_size=&#8221;initial&#8221; background_position=&#8221;top_left&#8221; background_repeat=&#8221;repeat&#8221; global_colors_info=&#8221;{}&#8221;][et_pb_column type=&#8221;4_4&#8243; _builder_version=&#8221;4.16&#8243; custom_padding=&#8221;|||&#8221; global_colors_info=&#8221;{}&#8221; custom_padding__hover=&#8221;|||&#8221;][et_pb_text _builder_version=&#8221;4.27.6&#8243; text_font=&#8221;Verdana||||||||&#8221; text_text_color=&#8221;#000000&#8243; custom_css_main_element=&#8221;text-align: justify;&#8221; global_colors_info=&#8221;{}&#8221;]<\/p>\n<p style=\"font-weight: 400;\">Conhe\u00e7a tamb\u00e9m outras atividades que o autor oferece e que voc\u00ea tamb\u00e9m pode levar para sua escola <a href=\"https:\/\/caiotozzi.com\/web\/cursos-e-oficinas\/\">clicando aqui<\/a>.<\/p>\n<p>[\/et_pb_text][\/et_pb_column][\/et_pb_row][\/et_pb_section]<\/p>\n","protected":false},"excerpt":{"rendered":"<p>escolasA experi\u00eancia da leitura pode (e deve) ser ampliada para al\u00e9m das p\u00e1ginas do livro. E uma das maneiras de se fazer isso \u00e9 por meio da realiza\u00e7\u00e3o do encontro dos leitores com o autor da obra que eles leram.\u00a0\u00a0\u00c9 acreditando nisso que Caio Tozzi tem, nos \u00faltimos anos, circulado por escolas p\u00fablicas e particulares [&hellip;]<\/p>\n","protected":false},"author":2,"featured_media":0,"parent":0,"menu_order":0,"comment_status":"closed","ping_status":"closed","template":"","meta":{"_et_pb_use_builder":"on","_et_pb_old_content":"","_et_gb_content_width":"","footnotes":""},"class_list":["post-1922","page","type-page","status-publish","hentry"],"_links":{"self":[{"href":"https:\/\/caiotozzi.com\/web\/wp-json\/wp\/v2\/pages\/1922","targetHints":{"allow":["GET"]}}],"collection":[{"href":"https:\/\/caiotozzi.com\/web\/wp-json\/wp\/v2\/pages"}],"about":[{"href":"https:\/\/caiotozzi.com\/web\/wp-json\/wp\/v2\/types\/page"}],"author":[{"embeddable":true,"href":"https:\/\/caiotozzi.com\/web\/wp-json\/wp\/v2\/users\/2"}],"replies":[{"embeddable":true,"href":"https:\/\/caiotozzi.com\/web\/wp-json\/wp\/v2\/comments?post=1922"}],"version-history":[{"count":9,"href":"https:\/\/caiotozzi.com\/web\/wp-json\/wp\/v2\/pages\/1922\/revisions"}],"predecessor-version":[{"id":2045,"href":"https:\/\/caiotozzi.com\/web\/wp-json\/wp\/v2\/pages\/1922\/revisions\/2045"}],"wp:attachment":[{"href":"https:\/\/caiotozzi.com\/web\/wp-json\/wp\/v2\/media?parent=1922"}],"curies":[{"name":"wp","href":"https:\/\/api.w.org\/{rel}","templated":true}]}}