{"id":58,"date":"2018-08-20T14:15:36","date_gmt":"2018-08-20T17:15:36","guid":{"rendered":"https:\/\/caiotozzi.com\/web\/?page_id=58"},"modified":"2025-02-07T20:19:34","modified_gmt":"2025-02-07T23:19:34","slug":"teatro","status":"publish","type":"page","link":"https:\/\/caiotozzi.com\/web\/teatro\/","title":{"rendered":"teatro"},"content":{"rendered":"<p>[et_pb_section fb_built=&#8221;1&#8243; fullwidth=&#8221;on&#8221; _builder_version=&#8221;4.16&#8243; global_colors_info=&#8221;{}&#8221;][et_pb_fullwidth_image src=&#8221;https:\/\/caiotozzi.com\/web\/wp-content\/uploads\/2018\/09\/teatro-vic.png&#8221; alt=&#8221;Foto teatro vic site caio tozzi &#8221; title_text=&#8221;Foto teatro vic da pe\u00e7a Vic Triunfo&#8221; _builder_version=&#8221;4.16&#8243; global_colors_info=&#8221;{}&#8221;][\/et_pb_fullwidth_image][\/et_pb_section][et_pb_section fb_built=&#8221;1&#8243; _builder_version=&#8221;4.16&#8243; custom_padding=&#8221;54px|0px|0|0px|false|false&#8221; global_colors_info=&#8221;{}&#8221;][et_pb_row _builder_version=&#8221;4.16&#8243; background_size=&#8221;initial&#8221; background_position=&#8221;top_left&#8221; background_repeat=&#8221;repeat&#8221; custom_padding=&#8221;27px|0px|0|0px|false|false&#8221; global_colors_info=&#8221;{}&#8221;][et_pb_column type=&#8221;4_4&#8243; _builder_version=&#8221;4.16&#8243; custom_padding=&#8221;|||&#8221; global_colors_info=&#8221;{}&#8221; custom_padding__hover=&#8221;|||&#8221;][et_pb_text _builder_version=&#8221;4.16&#8243; header_font=&#8221;Montserrat|700|||||||&#8221; header_text_color=&#8221;#b22417&#8243; global_colors_info=&#8221;{}&#8221;]<\/p>\n<h1 style=\"text-align: center;\">TEATRO<\/h1>\n<p>[\/et_pb_text][\/et_pb_column][\/et_pb_row][\/et_pb_section][et_pb_section fb_built=&#8221;1&#8243; _builder_version=&#8221;4.16&#8243; custom_padding=&#8221;0|0px|0|0px|false|false&#8221; global_colors_info=&#8221;{}&#8221;][et_pb_row _builder_version=&#8221;4.16&#8243; background_size=&#8221;initial&#8221; background_position=&#8221;top_left&#8221; background_repeat=&#8221;repeat&#8221; custom_padding=&#8221;84px|0px|0|0px|false|false&#8221; global_colors_info=&#8221;{}&#8221; column_structure=&#8221;1_4,3_4&#8243;][et_pb_column type=&#8221;1_4&#8243; _builder_version=&#8221;4.16&#8243; custom_padding=&#8221;|||&#8221; global_colors_info=&#8221;{}&#8221; custom_padding__hover=&#8221;|||&#8221;][et_pb_image src=&#8221;https:\/\/caiotozzi.com\/web\/wp-content\/uploads\/2018\/10\/170117_cartazVic_AF-1.jpg&#8221; alt=&#8221;Vic triunfo site caio tozzi &#8221; title_text=&#8221;Capa do cartaz da pe\u00e7a vic triunfo&#8221; align_tablet=&#8221;center&#8221; align_last_edited=&#8221;on|desktop&#8221; _builder_version=&#8221;4.16&#8243; global_colors_info=&#8221;{}&#8221; align_phone=&#8221;center&#8221;][\/et_pb_image][\/et_pb_column][et_pb_column type=&#8221;3_4&#8243; _builder_version=&#8221;4.16&#8243; custom_padding=&#8221;|||&#8221; global_colors_info=&#8221;{}&#8221; custom_padding__hover=&#8221;|||&#8221;][et_pb_text admin_label=&#8221;Titulo &#8211; Vic Triunfo &#8211; Desktop&#8221; _builder_version=&#8221;4.16&#8243; text_text_color=&#8221;#494949&#8243; header_font=&#8221;Averia Serif Libre||||||||&#8221; header_text_color=&#8221;#000000&#8243; header_font_size=&#8221;35px&#8221; header_2_font=&#8221;Averia Serif Libre||||||||&#8221; header_2_text_color=&#8221;#000000&#8243; header_2_font_size=&#8221;35px&#8221; custom_margin=&#8221;-7px||0px|&#8221; custom_padding=&#8221;||0px|&#8221; custom_css_before=&#8221; text-align: justify;&#8221; custom_css_main_element=&#8221; text-align: justify;&#8221; custom_css_after=&#8221; text-align: justify;&#8221; global_colors_info=&#8221;{}&#8221;]<\/p>\n<h2>Vic Triunfo<\/h2>\n<p>[\/et_pb_text][et_pb_text _builder_version=&#8221;4.16&#8243; text_font=&#8221;Verdana||||||||&#8221; text_text_color=&#8221;#000000&#8243; header_font_size=&#8221;32px&#8221; custom_margin=&#8221;-7px||3px|&#8221; custom_padding=&#8221;||3px|&#8221; custom_css_before=&#8221; text-align: justify;&#8221; custom_css_main_element=&#8221; text-align: justify;&#8221; custom_css_after=&#8221; text-align: justify;&#8221; global_colors_info=&#8221;{}&#8221;]&nbsp;<\/p>\n<p>Victoria venceu a morte tr\u00eas vezes. Todos fazem quest\u00e3o de lembrar. N\u00e3o \u00e0 toa recebeu o apelido de Vic Triunfo. O mon\u00f3logo protagonizado pela atriz Renata Bortoleto conta a hist\u00f3ria dessa mulher que vive uma vida comum: tem um filho, um marido e, como bem gosta de dizer, tudo est\u00e1 no seu devido lugar. Vic tem seu trabalho \u2013 \u00e9 professora universit\u00e1ria \u2013 e um grande v\u00edcio: as novelas. As hist\u00f3rias da TV lhe fazem companhia desde muito cedo. Uma atr\u00e1s da outra. \u201c<em>Temos que acreditar todos os dias em algo<\/em>\u201d, repete o mocinho da trama. Ela segue \u00e0 risca a recomenda\u00e7\u00e3o. Mas o que fazer quando a vida mostra o quanto ela \u00e9 surpreendente e imponder\u00e1vel? Salvar-se diante da imensid\u00e3o da realidade \u00e9 o grande desafio dessa mulher.<br \/>\n[\/et_pb_text][et_pb_text _builder_version=&#8221;4.16&#8243; text_font=&#8221;Verdana||||||||&#8221; text_text_color=&#8221;#000000&#8243; header_font_size=&#8221;32px&#8221; custom_margin=&#8221;-7px||5px|&#8221; custom_padding=&#8221;||5px|&#8221; custom_css_before=&#8221; text-align: justify;&#8221; custom_css_main_element=&#8221; text-align: justify;&#8221; custom_css_after=&#8221; text-align: justify;&#8221; global_colors_info=&#8221;{}&#8221;]Esta \u00e9 a primeira incurs\u00e3o de Caio Tozzi na dramaturgia, que tamb\u00e9m assinou a dire\u00e7\u00e3o do espet\u00e1culo.<br \/>\n[\/et_pb_text][\/et_pb_column][\/et_pb_row][et_pb_row _builder_version=&#8221;4.16&#8243; background_size=&#8221;initial&#8221; background_position=&#8221;top_left&#8221; background_repeat=&#8221;repeat&#8221; custom_padding=&#8221;38px|0px|18px|0px|false|false&#8221; global_colors_info=&#8221;{}&#8221;][et_pb_column type=&#8221;4_4&#8243; _builder_version=&#8221;4.16&#8243; custom_padding=&#8221;|||&#8221; global_colors_info=&#8221;{}&#8221; custom_padding__hover=&#8221;|||&#8221;][et_pb_text admin_label=&#8221;Titulo &#8211; FICHA T\u00c9CNICA &#8211; Desktop&#8221; _builder_version=&#8221;4.16&#8243; text_text_color=&#8221;#000000&#8243; header_font=&#8221;Averia Serif Libre||||||||&#8221; header_text_color=&#8221;#000000&#8243; header_3_font=&#8221;Averia Serif Libre|700||on|||||&#8221; header_3_text_color=&#8221;#000000&#8243; header_3_font_size=&#8221;17&#8243; custom_margin=&#8221;||0px|&#8221; custom_padding=&#8221;||0px|&#8221; custom_css_main_element=&#8221; text-align: justify;&#8221; global_colors_info=&#8221;{}&#8221;]<\/p>\n<h3>Ficha T\u00e9cnica<\/h3>\n<p>[\/et_pb_text][et_pb_text _builder_version=&#8221;4.16&#8243; text_font=&#8221;Verdana||||||||&#8221; text_text_color=&#8221;#000000&#8243; text_font_size=&#8221;13px&#8221; header_text_color=&#8221;#000000&#8243; custom_css_main_element=&#8221; text-align: justify;&#8221; global_colors_info=&#8221;{}&#8221;]<strong>Elenco<\/strong> Renata Bortoleto | <strong>Dramaturgia e dire\u00e7\u00e3o<\/strong>\u00a0 Caio Tozzi | <strong>Cenografia e figurino<\/strong>\u00a0 Caio Tozzi e Renata Bortoleto | <strong>Trilha sonora original<\/strong>\u00a0 Felipe Parra ( Capit\u00e3o Foca) | <strong>Voz na m\u00fasica de abertura <\/strong>\u00a0Z\u00e1 | <strong>Opera\u00e7\u00e3o de luz e som<\/strong>\u00a0 Danilo Dal Lago | <strong>Design Gr\u00e1fico<\/strong>\u00a0 Beatriz Marassi | <strong>Fotos<\/strong>\u00a0 Felipe Portella | <strong>V\u00eddeo<\/strong>\u00a0 Pedro Ferrarini | <strong>Assessoria de imprensa<\/strong>\u00a0\u00a0 Nossa Senhora da Pauta | <strong>Realiza\u00e7\u00e3o<\/strong>\u00a0 Belbellita Comunica\u00e7\u00e3o &amp; Artes<br \/>\n[\/et_pb_text][\/et_pb_column][\/et_pb_row][\/et_pb_section][et_pb_section fb_built=&#8221;1&#8243; _builder_version=&#8221;4.16&#8243; custom_padding=&#8221;0|0px|54px|0px|false|false&#8221; global_colors_info=&#8221;{}&#8221;][et_pb_row disabled_on=&#8221;on|on|&#8221; _builder_version=&#8221;4.16&#8243; background_size=&#8221;initial&#8221; background_position=&#8221;top_left&#8221; background_repeat=&#8221;repeat&#8221; global_colors_info=&#8221;{}&#8221; column_structure=&#8221;2_3,1_3&#8243;][et_pb_column type=&#8221;2_3&#8243; _builder_version=&#8221;4.16&#8243; custom_padding=&#8221;|||&#8221; global_colors_info=&#8221;{}&#8221; custom_padding__hover=&#8221;|||&#8221;][et_pb_text admin_label=&#8221;Titulo &#8211; A pe\u00e7a virou livro &#8211; Desktop&#8221; _builder_version=&#8221;4.16&#8243; text_text_color=&#8221;#000000&#8243; header_text_color=&#8221;#000000&#8243; header_2_font=&#8221;Trebuchet|700|||||||&#8221; header_3_font=&#8221;Averia Serif Libre|700||on|||||&#8221; header_3_text_color=&#8221;#000000&#8243; header_3_font_size=&#8221;17&#8243; custom_margin=&#8221;||0px|&#8221; custom_padding=&#8221;||0px|&#8221; global_colors_info=&#8221;{}&#8221;]<\/p>\n<h3>A pe\u00e7a virou livro<\/h3>\n<p>[\/et_pb_text][et_pb_text admin_label=&#8221;depoimento &#8221; _builder_version=&#8221;4.16&#8243; text_font=&#8221;Verdana||||||||&#8221; text_text_color=&#8221;#000000&#8243; header_text_color=&#8221;#000000&#8243; header_font_size=&#8221;22&#8243; custom_margin=&#8221;|-59px||0px&#8221; custom_padding=&#8221;|||0px&#8221; custom_css_before=&#8221; text-align: justify;&#8221; custom_css_main_element=&#8221; text-align: justify;&#8221; custom_css_after=&#8221; text-align: justify;&#8221; global_colors_info=&#8221;{}&#8221;]A hist\u00f3ria de Vic tamb\u00e9m pode ser conhecida fora dos palcos. O livro \u201cVic Triunfo\u201d foi lan\u00e7ado simultaneamente \u00e0 estreia da primeira temporada. Na edi\u00e7\u00e3o, aqueles que se encantaram com as ang\u00fastias, medos e pensamentos de nossa protagonista encontram n\u00e3o apenas o texto da pe\u00e7a, mas tamb\u00e9m uma apresenta\u00e7\u00e3o exclusiva com bastidores da cria\u00e7\u00e3o do projeto e um \u00e1lbum com as fotos produzidas para o espet\u00e1culo.<br \/>\n[\/et_pb_text][\/et_pb_column][et_pb_column type=&#8221;1_3&#8243; _builder_version=&#8221;4.16&#8243; custom_padding=&#8221;|||&#8221; global_colors_info=&#8221;{}&#8221; custom_padding__hover=&#8221;|||&#8221;][et_pb_text admin_label=&#8221;Titulo &#8211; FICHA T\u00c9CNICA DO LIVRO &#8211; Desktop&#8221; _builder_version=&#8221;4.16&#8243; text_text_color=&#8221;#000000&#8243; header_text_color=&#8221;#000000&#8243; header_3_font=&#8221;Averia Serif Libre|700||on|||||&#8221; header_3_text_color=&#8221;#000000&#8243; header_3_font_size=&#8221;17&#8243; header_5_font=&#8221;Trebuchet|700|||||||&#8221; header_6_text_align=&#8221;left&#8221; header_6_text_color=&#8221;#494949&#8243; header_6_font_size=&#8221;20px&#8221; custom_margin=&#8221;|0px|0px|1px&#8221; custom_padding=&#8221;||0px|&#8221; custom_css_before=&#8221; text-align: justify;&#8221; custom_css_main_element=&#8221; text-align: justify;||&#8221; custom_css_after=&#8221; text-align: justify;||&#8221; global_colors_info=&#8221;{}&#8221;]<\/p>\n<h3 style=\"text-align: right;\">Ficha T\u00e9cnica do livro<\/h3>\n<p>[\/et_pb_text][et_pb_text admin_label=&#8221;FICHA T\u00c9CNICA&#8221; _builder_version=&#8221;4.16&#8243; text_font=&#8221;Verdana||||||||&#8221; text_text_color=&#8221;#000000&#8243; header_text_color=&#8221;#000000&#8243; header_6_text_align=&#8221;left&#8221; header_6_text_color=&#8221;#494949&#8243; header_6_font_size=&#8221;20px&#8221; custom_margin=&#8221;|0px||1px&#8221; custom_css_before=&#8221; text-align: justify;&#8221; custom_css_main_element=&#8221; text-align: justify;||&#8221; custom_css_after=&#8221; text-align: justify;||&#8221; global_colors_info=&#8221;{}&#8221;]<\/p>\n<p style=\"text-align: right;\">Ano de publica\u00e7\u00e3o: 2017<br \/>\nN\u00famero de p\u00e1ginas: 84<br \/>\nEditora: Giostri Editora<\/p>\n<p>[\/et_pb_text][\/et_pb_column][\/et_pb_row][et_pb_row disabled_on=&#8221;||on&#8221; _builder_version=&#8221;4.16&#8243; background_size=&#8221;initial&#8221; background_position=&#8221;top_left&#8221; background_repeat=&#8221;repeat&#8221; global_colors_info=&#8221;{}&#8221;][et_pb_column type=&#8221;4_4&#8243; _builder_version=&#8221;4.16&#8243; custom_padding=&#8221;|||&#8221; global_colors_info=&#8221;{}&#8221; custom_padding__hover=&#8221;|||&#8221;][et_pb_text admin_label=&#8221;Titulo &#8211; A pe\u00e7a virou livro &#8211; Desktop&#8221; _builder_version=&#8221;4.16&#8243; text_text_color=&#8221;#000000&#8243; header_text_color=&#8221;#000000&#8243; header_font_size=&#8221;43px&#8221; header_2_font=&#8221;Trebuchet|700|||||||&#8221; header_3_font=&#8221;Averia Serif Libre||||||||&#8221; header_3_text_color=&#8221;#000000&#8243; header_3_font_size=&#8221;30px&#8221; custom_margin=&#8221;||5px|&#8221; custom_padding=&#8221;||5px|&#8221; global_colors_info=&#8221;{}&#8221;]<\/p>\n<h3>A pe\u00e7a virou livro<\/h3>\n<p>[\/et_pb_text][et_pb_text admin_label=&#8221;depoimento &#8221; _builder_version=&#8221;4.16&#8243; text_font=&#8221;Verdana||||||||&#8221; text_text_color=&#8221;#000000&#8243; header_text_color=&#8221;#000000&#8243; header_font_size=&#8221;22&#8243; custom_margin=&#8221;|-59px||0px&#8221; custom_padding=&#8221;|||0px&#8221; custom_css_before=&#8221; text-align: justify;&#8221; custom_css_main_element=&#8221; text-align: justify;&#8221; custom_css_after=&#8221; text-align: justify;&#8221; global_colors_info=&#8221;{}&#8221;]A hist\u00f3ria de Vic tamb\u00e9m pode ser conhecida fora dos palcos. O livro \u201cVic Triunfo\u201d foi lan\u00e7ado simultaneamente \u00e0 estreia da primeira temporada. Na edi\u00e7\u00e3o, aqueles que se encantaram com as ang\u00fastias, medos e pensamentos de nossa protagonista encontram n\u00e3o apenas o texto da pe\u00e7a, mas tamb\u00e9m uma apresenta\u00e7\u00e3o exclusiva com bastidores da cria\u00e7\u00e3o do projeto e um \u00e1lbum com as fotos produzidas para o espet\u00e1culo.<br \/>\n[\/et_pb_text][et_pb_text admin_label=&#8221;FICHA T\u00c9CNICA&#8221; _builder_version=&#8221;4.16&#8243; text_text_color=&#8221;#000000&#8243; header_text_color=&#8221;#000000&#8243; header_3_font=&#8221;Averia Serif Libre||||||||&#8221; header_3_text_color=&#8221;#000000&#8243; header_3_font_size=&#8221;25px&#8221; header_5_font=&#8221;Trebuchet|700|||||||&#8221; header_6_text_align=&#8221;left&#8221; header_6_text_color=&#8221;#494949&#8243; header_6_font_size=&#8221;20px&#8221; custom_margin=&#8221;|0px|5px|1px&#8221; custom_padding=&#8221;||5px|&#8221; custom_css_before=&#8221; text-align: justify;&#8221; custom_css_main_element=&#8221; text-align: justify;||&#8221; custom_css_after=&#8221; text-align: justify;||&#8221; global_colors_info=&#8221;{}&#8221;]<\/p>\n<h3 style=\"text-align: left;\">Ficha t\u00e9cnica do livro<\/h3>\n<p>[\/et_pb_text][et_pb_text admin_label=&#8221;FICHA T\u00c9CNICA -TEXTO&#8221; _builder_version=&#8221;4.16&#8243; text_font=&#8221;Verdana||||||||&#8221; text_text_color=&#8221;#000000&#8243; header_text_color=&#8221;#000000&#8243; header_6_text_align=&#8221;left&#8221; header_6_text_color=&#8221;#494949&#8243; header_6_font_size=&#8221;20px&#8221; custom_margin=&#8221;|0px||1px&#8221; custom_css_before=&#8221; text-align: justify;&#8221; custom_css_main_element=&#8221; text-align: justify;||&#8221; custom_css_after=&#8221; text-align: justify;||&#8221; global_colors_info=&#8221;{}&#8221;]<\/p>\n<p style=\"text-align: left;\">Ano de publica\u00e7\u00e3o: 2017<br \/>\nN\u00famero de p\u00e1ginas: 84<br \/>\nEditora: Giostri Editora<\/p>\n<p>[\/et_pb_text][\/et_pb_column][\/et_pb_row][\/et_pb_section][et_pb_section fb_built=&#8221;1&#8243; _builder_version=&#8221;4.16&#8243; custom_padding=&#8221;5px|0px|74px|0px|false|false&#8221; global_colors_info=&#8221;{}&#8221;][et_pb_row _builder_version=&#8221;4.16&#8243; background_size=&#8221;initial&#8221; background_position=&#8221;top_left&#8221; background_repeat=&#8221;repeat&#8221; global_colors_info=&#8221;{}&#8221;][et_pb_column type=&#8221;4_4&#8243; _builder_version=&#8221;4.16&#8243; custom_padding=&#8221;|||&#8221; global_colors_info=&#8221;{}&#8221; custom_padding__hover=&#8221;|||&#8221;][et_pb_divider divider_weight=&#8221;4px&#8221; _builder_version=&#8221;4.16&#8243; height=&#8221;1px&#8221; global_colors_info=&#8221;{}&#8221;][\/et_pb_divider][\/et_pb_column][\/et_pb_row][\/et_pb_section][et_pb_section fb_built=&#8221;1&#8243; _builder_version=&#8221;4.16&#8243; custom_padding=&#8221;0|0px|54px|0px|false|false&#8221; global_colors_info=&#8221;{}&#8221;][et_pb_row _builder_version=&#8221;4.16&#8243; background_size=&#8221;initial&#8221; background_position=&#8221;top_left&#8221; background_repeat=&#8221;repeat&#8221; custom_padding=&#8221;0|0px|0|0px|false|false&#8221; global_colors_info=&#8221;{}&#8221; column_structure=&#8221;1_2,1_2&#8243;][et_pb_column type=&#8221;1_2&#8243; _builder_version=&#8221;4.16&#8243; custom_padding=&#8221;|||&#8221; global_colors_info=&#8221;{}&#8221; custom_padding__hover=&#8221;|||&#8221;][et_pb_image src=&#8221;https:\/\/caiotozzi.com\/web\/wp-content\/uploads\/2020\/02\/Captura-de-Tela-2020-02-13-\u00e0s-08.46.29-AM.png&#8221; align_tablet=&#8221;center&#8221; align_last_edited=&#8221;on|desktop&#8221; _builder_version=&#8221;4.16&#8243; global_colors_info=&#8221;{}&#8221; align_phone=&#8221;center&#8221;][\/et_pb_image][\/et_pb_column][et_pb_column type=&#8221;1_2&#8243; _builder_version=&#8221;4.16&#8243; custom_padding=&#8221;|||&#8221; global_colors_info=&#8221;{}&#8221; custom_padding__hover=&#8221;|||&#8221;][et_pb_text admin_label=&#8221;Titulo &#8211; Vic Triunfo &#8211; Desktop&#8221; _builder_version=&#8221;4.16&#8243; text_text_color=&#8221;#494949&#8243; header_font=&#8221;Averia Serif Libre||||||||&#8221; header_text_color=&#8221;#000000&#8243; header_font_size=&#8221;35px&#8221; header_2_font=&#8221;Averia Serif Libre||||||||&#8221; header_2_text_color=&#8221;#000000&#8243; header_2_font_size=&#8221;35px&#8221; custom_margin=&#8221;-7px||0px|&#8221; custom_padding=&#8221;||0px|&#8221; custom_css_before=&#8221; text-align: justify;&#8221; custom_css_main_element=&#8221; text-align: justify;&#8221; custom_css_after=&#8221; text-align: justify;&#8221; global_colors_info=&#8221;{}&#8221;]<\/p>\n<h2>Os lun\u00e1ticos<\/h2>\n<p>[\/et_pb_text][et_pb_text _builder_version=&#8221;4.16&#8243; text_font=&#8221;Verdana||||||||&#8221; text_text_color=&#8221;#000000&#8243; header_font=&#8221;||||||||&#8221; header_font_size=&#8221;32px&#8221; custom_margin=&#8221;-7px||3px|&#8221; custom_padding=&#8221;||3px|&#8221; custom_css_before=&#8221; text-align: justify;&#8221; custom_css_main_element=&#8221; text-align: justify;&#8221; custom_css_after=&#8221; text-align: justify;&#8221; global_colors_info=&#8221;{}&#8221;]&nbsp;<\/p>\n<p>Pe\u00e7a para o p\u00fablico infantojuvenil escrita por Caio Tozzi e dirigida por Diego Dac. Nela, Drix \u00e9 uma garota que se sente fora desse mundo. Cansada de se sentir exclu\u00edda na escola, resolveu procurar na internet pessoas que se sentissem do mesmo jeito que ela, com o intuito de criar amizades verdadeiras. Criou o grupo \u201cOs Lun\u00e1ticos\u201d em uma rede social, mas apenas cinco pessoas se conectaram: a desligada Gau, a mau-humorada C\u00edcera, o popular Elvis, o bondoso Benito e o misterioso Dino Os\u00f3rio. Cheia de curiosidade, a menina resolve marcar um encontro ao vivo. O que ela n\u00e3o esperava era encontrar dentro desse grupo unido por um sentimento em comum, gente t\u00e3o diferente. Al\u00e9m de lidar com isso, esse grupo de crian\u00e7a ainda se depara com um estranho acontecimento: o pedido de socorro de um deles, Dino Os\u00f3rio, que n\u00e3o chega ao encontro marcado. A partir da\u00ed, os cinco personagens &#8211; interpretados por Dani Barros, Diego Lima, Laura Severo, Mariana C\u00e2mara e Thiago Carreira \u2013 vivem uma grande aventura juntos. O projeto foi contemplado no edital para produ\u00e7\u00e3o de pe\u00e7as de teatro para o p\u00fablico infantil e juvenil do ProAC no ano de 2018.<br \/>\n[\/et_pb_text][et_pb_text _builder_version=&#8221;4.16&#8243; text_font=&#8221;Verdana||||||||&#8221; text_text_color=&#8221;#494949&#8243; header_font_size=&#8221;32px&#8221; custom_margin=&#8221;-7px||5px|&#8221; custom_padding=&#8221;||5px|&#8221; custom_css_before=&#8221; text-align: justify;&#8221; custom_css_main_element=&#8221; text-align: justify;&#8221; custom_css_after=&#8221; text-align: justify;&#8221; global_colors_info=&#8221;{}&#8221;][\/et_pb_text][\/et_pb_column][\/et_pb_row][et_pb_row _builder_version=&#8221;4.16&#8243; background_size=&#8221;initial&#8221; background_position=&#8221;top_left&#8221; background_repeat=&#8221;repeat&#8221; custom_padding=&#8221;0|0px|27px|0px|false|false&#8221; global_colors_info=&#8221;{}&#8221;][et_pb_column type=&#8221;4_4&#8243; _builder_version=&#8221;4.16&#8243; custom_padding=&#8221;|||&#8221; global_colors_info=&#8221;{}&#8221; custom_padding__hover=&#8221;|||&#8221;][et_pb_text admin_label=&#8221;Titulo &#8211; FICHA T\u00c9CNICA &#8211; Desktop&#8221; _builder_version=&#8221;4.16&#8243; text_text_color=&#8221;#000000&#8243; header_font=&#8221;Averia Serif Libre||||||||&#8221; header_text_color=&#8221;#000000&#8243; header_3_font=&#8221;Averia Serif Libre|700||on|||||&#8221; header_3_text_color=&#8221;#000000&#8243; header_3_font_size=&#8221;17&#8243; custom_margin=&#8221;||0px|&#8221; custom_padding=&#8221;||0px|&#8221; custom_css_main_element=&#8221; text-align: justify;&#8221; global_colors_info=&#8221;{}&#8221;]<\/p>\n<h3>Ficha T\u00e9cnica<\/h3>\n<p>[\/et_pb_text][et_pb_text _builder_version=&#8221;4.16&#8243; text_font=&#8221;Verdana||||||||&#8221; text_text_color=&#8221;#000000&#8243; text_font_size=&#8221;13px&#8221; header_text_color=&#8221;#000000&#8243; custom_css_main_element=&#8221; text-align: justify;&#8221; global_colors_info=&#8221;{}&#8221;]<strong>Elenco<\/strong> Danielle Barros, Diego Lima, Laura Severo, Thiago Carreira e Mariana C\u00e2mara | <strong>Dire\u00e7\u00e3o<\/strong> Diego Dac | <strong>Dramaturgia<\/strong> Caio Tozzi | <strong>Ilumina\u00e7\u00e3o<\/strong> Gabriela Ara\u00fajo e Guilherme Trindade | <strong>Cenografia<\/strong> Diego Dac | <strong>Trilha sonora original<\/strong> L.P. Daniel | <strong>Figurino<\/strong> Kleber Montanheiro | <strong>Coordena\u00e7\u00e3o de produ\u00e7\u00e3o<\/strong> Danielle Barros | <strong>Produ\u00e7\u00e3o executiva<\/strong> Laura Severo e Mariana C\u00e2mara | <strong>Idealiza\u00e7\u00e3o<\/strong> O Trip\u00e9 Studio<br \/>\n[\/et_pb_text][\/et_pb_column][\/et_pb_row][et_pb_row _builder_version=&#8221;4.16&#8243; background_size=&#8221;initial&#8221; background_position=&#8221;top_left&#8221; background_repeat=&#8221;repeat&#8221; custom_padding=&#8221;27px|0px|0|0px|false|false&#8221; global_colors_info=&#8221;{}&#8221;][et_pb_column type=&#8221;4_4&#8243; _builder_version=&#8221;4.16&#8243; custom_padding=&#8221;|||&#8221; global_colors_info=&#8221;{}&#8221; custom_padding__hover=&#8221;|||&#8221;][et_pb_divider show_divider=&#8221;off&#8221; _builder_version=&#8221;4.16&#8243; global_colors_info=&#8221;{}&#8221;][\/et_pb_divider][\/et_pb_column][\/et_pb_row][\/et_pb_section]<\/p>\n","protected":false},"excerpt":{"rendered":"<p>TEATRO Vic Triunfo &nbsp; Victoria venceu a morte tr\u00eas vezes. Todos fazem quest\u00e3o de lembrar. N\u00e3o \u00e0 toa recebeu o apelido de Vic Triunfo. O mon\u00f3logo protagonizado pela atriz Renata Bortoleto conta a hist\u00f3ria dessa mulher que vive uma vida comum: tem um filho, um marido e, como bem gosta de dizer, tudo est\u00e1 no [&hellip;]<\/p>\n","protected":false},"author":1,"featured_media":0,"parent":0,"menu_order":0,"comment_status":"closed","ping_status":"closed","template":"","meta":{"_et_pb_use_builder":"on","_et_pb_old_content":"","_et_gb_content_width":"","footnotes":""},"class_list":["post-58","page","type-page","status-publish","hentry"],"_links":{"self":[{"href":"https:\/\/caiotozzi.com\/web\/wp-json\/wp\/v2\/pages\/58","targetHints":{"allow":["GET"]}}],"collection":[{"href":"https:\/\/caiotozzi.com\/web\/wp-json\/wp\/v2\/pages"}],"about":[{"href":"https:\/\/caiotozzi.com\/web\/wp-json\/wp\/v2\/types\/page"}],"author":[{"embeddable":true,"href":"https:\/\/caiotozzi.com\/web\/wp-json\/wp\/v2\/users\/1"}],"replies":[{"embeddable":true,"href":"https:\/\/caiotozzi.com\/web\/wp-json\/wp\/v2\/comments?post=58"}],"version-history":[{"count":43,"href":"https:\/\/caiotozzi.com\/web\/wp-json\/wp\/v2\/pages\/58\/revisions"}],"predecessor-version":[{"id":1614,"href":"https:\/\/caiotozzi.com\/web\/wp-json\/wp\/v2\/pages\/58\/revisions\/1614"}],"wp:attachment":[{"href":"https:\/\/caiotozzi.com\/web\/wp-json\/wp\/v2\/media?parent=58"}],"curies":[{"name":"wp","href":"https:\/\/api.w.org\/{rel}","templated":true}]}}